{"id":5758,"date":"2021-05-11T16:02:56","date_gmt":"2021-05-11T14:02:56","guid":{"rendered":"https:\/\/www.colombohoppers.com\/reservierung\/"},"modified":"2026-03-10T16:12:40","modified_gmt":"2026-03-10T15:12:40","slug":"reservierung-2","status":"publish","type":"page","link":"https:\/\/www.colombohoppers.com\/en\/reservierung-2\/","title":{"rendered":"reservation"},"content":{"rendered":"\n<div class=\"et_pb_section_0 et_pb_section et_section_regular et_block_section\"><div class=\"et_pb_row_0 et_pb_row et_block_row\"><div class=\"et_pb_column_0 et_pb_column et_pb_column_4_4 et-last-child et_block_column et_pb_css_mix_blend_mode_passthrough\"><div class=\"et_pb_text_0 et_pb_text et_pb_bg_layout_light et_pb_module et_block_module preset--module--divi-text--default\"><div class=\"et_pb_text_inner\" data-et-mv-hidden-tablet=\"true\" data-et-mv-hidden-phone=\"true\"><h1>reservation<\/h1>\n<\/div><\/div><\/div><\/div><\/div><div class=\"et_pb_section_1 et_pb_section et_section_regular et_block_section\" id=\"Take away\"><div class=\"et_pb_row_1 et_pb_row et_block_row\"><div class=\"et_pb_column_1 et_pb_column et_pb_column_4_4 et-last-child et_block_column et_pb_css_mix_blend_mode_passthrough\"><div class=\"et_pb_code_0 et_pb_code et_pb_module\"><div class=\"et_pb_code_inner\"><script type=\"text\/javascript\" src=\"https:\/\/services.gastronovi.com\/restaurants\/59282\/scripts\/reservation\/entry\/reservation?L=de\" async><\/script><\/div><\/div><\/div><\/div><\/div><div class=\"et_pb_section_2 et_pb_section et_pb_fullwidth_section et_section_regular et_block_section\"><div class=\"et_pb_fullwidth_code_0 et_pb_fullwidth_code et_pb_module\"><div class=\"et_pb_code_inner\">\n<div id=\"sb_instagram\"  class=\"sbi sbi_mob_col_1 sbi_tab_col_2 sbi_col_5 sbi_disable_mobile\" style=\"padding-bottom: 10px; width: 100%;\"\t data-feedid=\"*1\"  data-res=\"auto\" data-cols=\"5\" data-colsmobile=\"1\" data-colstablet=\"2\" data-num=\"5\" data-nummobile=\"\" data-item-padding=\"5\"\t data-shortcode-atts=\"{}\"  data-postid=\"5758\" data-locatornonce=\"f9e09d7bc9\" data-imageaspectratio=\"1:1\" data-sbi-flags=\"favorLocal,gdpr\">\n\t\n\t<div id=\"sbi_images\"  style=\"gap: 10px;\">\n\t\t<div class=\"sbi_item sbi_type_video sbi_new sbi_transition\"\n\tid=\"sbi_17948870552912967\" data-date=\"1760287135\">\n\t<div class=\"sbi_photo_wrap\">\n\t\t<a class=\"sbi_photo\" href=\"https:\/\/www.instagram.com\/reel\/DPt0tJ0CEYY\/\" target=\"_blank\" rel=\"noopener nofollow\"\n\t\t\tdata-full-res=\"https:\/\/scontent-fra3-2.cdninstagram.com\/v\/t51.71878-15\/562571166_1523757445292330_5419066859220539040_n.jpg?stp=dst-jpg_e35_tt6&#038;_nc_cat=104&#038;ccb=7-5&#038;_nc_sid=18de74&#038;efg=eyJlZmdfdGFnIjoiQ0xJUFMuYmVzdF9pbWFnZV91cmxnZW4uQzMifQ%3D%3D&#038;_nc_ohc=0Vn2hjBYRhQQ7kNvwEiJfqd&#038;_nc_oc=Ado1hXcAYqj69jdK6jBeGjIIctzkfwIHNxPQcdnTgA5FLZffEj48eqxJ8hZYTWCAe6Q&#038;_nc_zt=23&#038;_nc_ht=scontent-fra3-2.cdninstagram.com&#038;edm=AM6HXa8EAAAA&#038;_nc_gid=Y7ZBaq69bxfgXqoNYhmJ9A&#038;_nc_tpa=Q5bMBQGOQ-6Cyj-cGg_l8jj5tWVE2EP0erKicjOhls-9S065NqCmZOtF_H3l6O_1P2tPJ8kVRstIt3XI&#038;oh=00_Af6az1ggHuTUW0OoQWMk4V7nxGEdnjCj6-mb_W_shSqV8w&#038;oe=69FE47A8\"\n\t\t\tdata-img-src-set=\"{&quot;d&quot;:&quot;https:\\\/\\\/scontent-fra3-2.cdninstagram.com\\\/v\\\/t51.71878-15\\\/562571166_1523757445292330_5419066859220539040_n.jpg?stp=dst-jpg_e35_tt6&amp;_nc_cat=104&amp;ccb=7-5&amp;_nc_sid=18de74&amp;efg=eyJlZmdfdGFnIjoiQ0xJUFMuYmVzdF9pbWFnZV91cmxnZW4uQzMifQ%3D%3D&amp;_nc_ohc=0Vn2hjBYRhQQ7kNvwEiJfqd&amp;_nc_oc=Ado1hXcAYqj69jdK6jBeGjIIctzkfwIHNxPQcdnTgA5FLZffEj48eqxJ8hZYTWCAe6Q&amp;_nc_zt=23&amp;_nc_ht=scontent-fra3-2.cdninstagram.com&amp;edm=AM6HXa8EAAAA&amp;_nc_gid=Y7ZBaq69bxfgXqoNYhmJ9A&amp;_nc_tpa=Q5bMBQGOQ-6Cyj-cGg_l8jj5tWVE2EP0erKicjOhls-9S065NqCmZOtF_H3l6O_1P2tPJ8kVRstIt3XI&amp;oh=00_Af6az1ggHuTUW0OoQWMk4V7nxGEdnjCj6-mb_W_shSqV8w&amp;oe=69FE47A8&quot;,&quot;150&quot;:&quot;https:\\\/\\\/scontent-fra3-2.cdninstagram.com\\\/v\\\/t51.71878-15\\\/562571166_1523757445292330_5419066859220539040_n.jpg?stp=dst-jpg_e35_tt6&amp;_nc_cat=104&amp;ccb=7-5&amp;_nc_sid=18de74&amp;efg=eyJlZmdfdGFnIjoiQ0xJUFMuYmVzdF9pbWFnZV91cmxnZW4uQzMifQ%3D%3D&amp;_nc_ohc=0Vn2hjBYRhQQ7kNvwEiJfqd&amp;_nc_oc=Ado1hXcAYqj69jdK6jBeGjIIctzkfwIHNxPQcdnTgA5FLZffEj48eqxJ8hZYTWCAe6Q&amp;_nc_zt=23&amp;_nc_ht=scontent-fra3-2.cdninstagram.com&amp;edm=AM6HXa8EAAAA&amp;_nc_gid=Y7ZBaq69bxfgXqoNYhmJ9A&amp;_nc_tpa=Q5bMBQGOQ-6Cyj-cGg_l8jj5tWVE2EP0erKicjOhls-9S065NqCmZOtF_H3l6O_1P2tPJ8kVRstIt3XI&amp;oh=00_Af6az1ggHuTUW0OoQWMk4V7nxGEdnjCj6-mb_W_shSqV8w&amp;oe=69FE47A8&quot;,&quot;320&quot;:&quot;https:\\\/\\\/scontent-fra3-2.cdninstagram.com\\\/v\\\/t51.71878-15\\\/562571166_1523757445292330_5419066859220539040_n.jpg?stp=dst-jpg_e35_tt6&amp;_nc_cat=104&amp;ccb=7-5&amp;_nc_sid=18de74&amp;efg=eyJlZmdfdGFnIjoiQ0xJUFMuYmVzdF9pbWFnZV91cmxnZW4uQzMifQ%3D%3D&amp;_nc_ohc=0Vn2hjBYRhQQ7kNvwEiJfqd&amp;_nc_oc=Ado1hXcAYqj69jdK6jBeGjIIctzkfwIHNxPQcdnTgA5FLZffEj48eqxJ8hZYTWCAe6Q&amp;_nc_zt=23&amp;_nc_ht=scontent-fra3-2.cdninstagram.com&amp;edm=AM6HXa8EAAAA&amp;_nc_gid=Y7ZBaq69bxfgXqoNYhmJ9A&amp;_nc_tpa=Q5bMBQGOQ-6Cyj-cGg_l8jj5tWVE2EP0erKicjOhls-9S065NqCmZOtF_H3l6O_1P2tPJ8kVRstIt3XI&amp;oh=00_Af6az1ggHuTUW0OoQWMk4V7nxGEdnjCj6-mb_W_shSqV8w&amp;oe=69FE47A8&quot;,&quot;640&quot;:&quot;https:\\\/\\\/scontent-fra3-2.cdninstagram.com\\\/v\\\/t51.71878-15\\\/562571166_1523757445292330_5419066859220539040_n.jpg?stp=dst-jpg_e35_tt6&amp;_nc_cat=104&amp;ccb=7-5&amp;_nc_sid=18de74&amp;efg=eyJlZmdfdGFnIjoiQ0xJUFMuYmVzdF9pbWFnZV91cmxnZW4uQzMifQ%3D%3D&amp;_nc_ohc=0Vn2hjBYRhQQ7kNvwEiJfqd&amp;_nc_oc=Ado1hXcAYqj69jdK6jBeGjIIctzkfwIHNxPQcdnTgA5FLZffEj48eqxJ8hZYTWCAe6Q&amp;_nc_zt=23&amp;_nc_ht=scontent-fra3-2.cdninstagram.com&amp;edm=AM6HXa8EAAAA&amp;_nc_gid=Y7ZBaq69bxfgXqoNYhmJ9A&amp;_nc_tpa=Q5bMBQGOQ-6Cyj-cGg_l8jj5tWVE2EP0erKicjOhls-9S065NqCmZOtF_H3l6O_1P2tPJ8kVRstIt3XI&amp;oh=00_Af6az1ggHuTUW0OoQWMk4V7nxGEdnjCj6-mb_W_shSqV8w&amp;oe=69FE47A8&quot;}\">\n\t\t\t<span class=\"sbi-screenreader\">\ud83d\udd2a Streetfood trifft Soulfood: Unser legend\u00e4res Kot<\/span>\n\t\t\t\t\t\t<svg style=\"color: rgba(255,255,255,1)\" class=\"svg-inline--fa fa-play fa-w-14 sbi_playbtn\" aria-label=\"Play\" aria-hidden=\"true\" data-fa-processed=\"\" data-prefix=\"fa\" data-icon=\"play\" role=\"presentation\" xmlns=\"http:\/\/www.w3.org\/2000\/svg\" viewBox=\"0 0 448 512\"><path fill=\"currentColor\" d=\"M424.4 214.7L72.4 6.6C43.8-10.3 0 6.1 0 47.9V464c0 37.5 40.7 60.1 72.4 41.3l352-208c31.4-18.5 31.5-64.1 0-82.6z\"><\/path><\/svg>\t\t\t<img decoding=\"async\" src=\"https:\/\/www.colombohoppers.com\/wp-content\/plugins\/instagram-feed\/img\/placeholder.png\" alt=\"\ud83d\udd2a Streetfood trifft Soulfood: Unser legend\u00e4res Koththa Rotti \u2013 frisch gehackt, w\u00fcrzig, laut &amp; einfach unwiderstehlich!\n\nWer\u2019s einmal probiert, wei\u00df: Das ist Sri Lanka auf dem Teller \ud83c\uddf1\ud83c\uddf0\u2764\ufe0f\n\n\ud83d\udccd Colombo Hoppers, Sch\u00f6nbrunner Str. 84, 1050 Wien\n\n#colombohoppers #viennaeats #srilankankitchen #koththarotti #streetfoodvibes\" aria-hidden=\"true\">\n\t\t<\/a>\n\t<\/div>\n<\/div><div class=\"sbi_item sbi_type_image sbi_new sbi_transition\"\n\tid=\"sbi_18293720344132323\" data-date=\"1696259343\">\n\t<div class=\"sbi_photo_wrap\">\n\t\t<a class=\"sbi_photo\" href=\"https:\/\/www.instagram.com\/p\/Cx5qLNTKQVD\/\" target=\"_blank\" rel=\"noopener nofollow\"\n\t\t\tdata-full-res=\"https:\/\/scontent-fra3-1.cdninstagram.com\/v\/t39.30808-6\/382698466_884174209846978_7715559124857875984_n.jpg?stp=dst-jpg_e35_tt6&#038;_nc_cat=105&#038;ccb=7-5&#038;_nc_sid=18de74&#038;efg=eyJlZmdfdGFnIjoiRkVFRC5iZXN0X2ltYWdlX3VybGdlbi5DMyJ9&#038;_nc_ohc=R_YLdZ5yNIgQ7kNvwH3YbKl&#038;_nc_oc=AdqFtgjCDDqg4myaTbs-b1JN2CCfOqTYF_rJ-Oy65bZiy6en2qVinSDe1X4iQ-Jh9A8&#038;_nc_zt=23&#038;_nc_ht=scontent-fra3-1.cdninstagram.com&#038;edm=AM6HXa8EAAAA&#038;_nc_gid=Y7ZBaq69bxfgXqoNYhmJ9A&#038;oh=00_Af6iBgDuSasqClRGZ-7wx2eJqnKz1SbAC7owMKb-NFL4yw&#038;oe=69FE5E70\"\n\t\t\tdata-img-src-set=\"{&quot;d&quot;:&quot;https:\\\/\\\/scontent-fra3-1.cdninstagram.com\\\/v\\\/t39.30808-6\\\/382698466_884174209846978_7715559124857875984_n.jpg?stp=dst-jpg_e35_tt6&amp;_nc_cat=105&amp;ccb=7-5&amp;_nc_sid=18de74&amp;efg=eyJlZmdfdGFnIjoiRkVFRC5iZXN0X2ltYWdlX3VybGdlbi5DMyJ9&amp;_nc_ohc=R_YLdZ5yNIgQ7kNvwH3YbKl&amp;_nc_oc=AdqFtgjCDDqg4myaTbs-b1JN2CCfOqTYF_rJ-Oy65bZiy6en2qVinSDe1X4iQ-Jh9A8&amp;_nc_zt=23&amp;_nc_ht=scontent-fra3-1.cdninstagram.com&amp;edm=AM6HXa8EAAAA&amp;_nc_gid=Y7ZBaq69bxfgXqoNYhmJ9A&amp;oh=00_Af6iBgDuSasqClRGZ-7wx2eJqnKz1SbAC7owMKb-NFL4yw&amp;oe=69FE5E70&quot;,&quot;150&quot;:&quot;https:\\\/\\\/scontent-fra3-1.cdninstagram.com\\\/v\\\/t39.30808-6\\\/382698466_884174209846978_7715559124857875984_n.jpg?stp=dst-jpg_e35_tt6&amp;_nc_cat=105&amp;ccb=7-5&amp;_nc_sid=18de74&amp;efg=eyJlZmdfdGFnIjoiRkVFRC5iZXN0X2ltYWdlX3VybGdlbi5DMyJ9&amp;_nc_ohc=R_YLdZ5yNIgQ7kNvwH3YbKl&amp;_nc_oc=AdqFtgjCDDqg4myaTbs-b1JN2CCfOqTYF_rJ-Oy65bZiy6en2qVinSDe1X4iQ-Jh9A8&amp;_nc_zt=23&amp;_nc_ht=scontent-fra3-1.cdninstagram.com&amp;edm=AM6HXa8EAAAA&amp;_nc_gid=Y7ZBaq69bxfgXqoNYhmJ9A&amp;oh=00_Af6iBgDuSasqClRGZ-7wx2eJqnKz1SbAC7owMKb-NFL4yw&amp;oe=69FE5E70&quot;,&quot;320&quot;:&quot;https:\\\/\\\/scontent-fra3-1.cdninstagram.com\\\/v\\\/t39.30808-6\\\/382698466_884174209846978_7715559124857875984_n.jpg?stp=dst-jpg_e35_tt6&amp;_nc_cat=105&amp;ccb=7-5&amp;_nc_sid=18de74&amp;efg=eyJlZmdfdGFnIjoiRkVFRC5iZXN0X2ltYWdlX3VybGdlbi5DMyJ9&amp;_nc_ohc=R_YLdZ5yNIgQ7kNvwH3YbKl&amp;_nc_oc=AdqFtgjCDDqg4myaTbs-b1JN2CCfOqTYF_rJ-Oy65bZiy6en2qVinSDe1X4iQ-Jh9A8&amp;_nc_zt=23&amp;_nc_ht=scontent-fra3-1.cdninstagram.com&amp;edm=AM6HXa8EAAAA&amp;_nc_gid=Y7ZBaq69bxfgXqoNYhmJ9A&amp;oh=00_Af6iBgDuSasqClRGZ-7wx2eJqnKz1SbAC7owMKb-NFL4yw&amp;oe=69FE5E70&quot;,&quot;640&quot;:&quot;https:\\\/\\\/scontent-fra3-1.cdninstagram.com\\\/v\\\/t39.30808-6\\\/382698466_884174209846978_7715559124857875984_n.jpg?stp=dst-jpg_e35_tt6&amp;_nc_cat=105&amp;ccb=7-5&amp;_nc_sid=18de74&amp;efg=eyJlZmdfdGFnIjoiRkVFRC5iZXN0X2ltYWdlX3VybGdlbi5DMyJ9&amp;_nc_ohc=R_YLdZ5yNIgQ7kNvwH3YbKl&amp;_nc_oc=AdqFtgjCDDqg4myaTbs-b1JN2CCfOqTYF_rJ-Oy65bZiy6en2qVinSDe1X4iQ-Jh9A8&amp;_nc_zt=23&amp;_nc_ht=scontent-fra3-1.cdninstagram.com&amp;edm=AM6HXa8EAAAA&amp;_nc_gid=Y7ZBaq69bxfgXqoNYhmJ9A&amp;oh=00_Af6iBgDuSasqClRGZ-7wx2eJqnKz1SbAC7owMKb-NFL4yw&amp;oe=69FE5E70&quot;}\">\n\t\t\t<span class=\"sbi-screenreader\">\ud83c\udf34BETRIEBSURLAUB\ud83c\udf34\n\nLiebe G\u00e4ste von Colombo Hoppers!<\/span>\n\t\t\t\t\t\t\t\t\t<img decoding=\"async\" src=\"https:\/\/www.colombohoppers.com\/wp-content\/plugins\/instagram-feed\/img\/placeholder.png\" alt=\"\ud83c\udf34BETRIEBSURLAUB\ud83c\udf34\n\nLiebe G\u00e4ste von Colombo Hoppers! \u2728 Von 02.10 bis inklusive 18.10.2023 gehen wir auf eine inspirierende Reise in unsere geliebte Heimat Sri Lanka. \ud83c\uddf1\ud83c\uddf0\ud83c\udf1e Diese Zeit nutzen wir, um frische Ideen zu sammeln und uns von den authentischen Aromen inspirieren zu lassen. \ud83c\udf5b\u2708\ufe0f\n\nW\u00e4hrend dieser Zeit bleibt unser Restaurant geschlossen. Aber keine Sorge! Wir kommen mit vielen neuen Geschmackserlebnissen zur\u00fcck und freuen uns schon darauf, diese mit euch zu teilen! \ud83c\udf7d\ufe0f\u2764\ufe0f\n\nBis bald und bleibt gesund \ud83c\udf1e\n\n#ColomboHoppers #Betriebsurlaub #SriLankaInspired #WienLiebtCurry\" aria-hidden=\"true\">\n\t\t<\/a>\n\t<\/div>\n<\/div><div class=\"sbi_item sbi_type_image sbi_new sbi_transition\"\n\tid=\"sbi_17932110698708773\" data-date=\"1691061119\">\n\t<div class=\"sbi_photo_wrap\">\n\t\t<a class=\"sbi_photo\" href=\"https:\/\/www.instagram.com\/p\/CvevWfZu0cv\/\" target=\"_blank\" rel=\"noopener nofollow\"\n\t\t\tdata-full-res=\"https:\/\/scontent-fra5-1.cdninstagram.com\/v\/t39.30808-6\/485151061_1267894318141630_2823317351226371743_n.jpg?stp=dst-jpg_e35_tt6&#038;_nc_cat=100&#038;ccb=7-5&#038;_nc_sid=18de74&#038;efg=eyJlZmdfdGFnIjoiRkVFRC5iZXN0X2ltYWdlX3VybGdlbi5DMyJ9&#038;_nc_ohc=ChAdeF_8BH0Q7kNvwEduIwA&#038;_nc_oc=AdqqXwzOL9Rg8ZvHzr4IKaDrdXh-g1WVPVw9NQIsjXEeFeVeE0ck5Ot1tjSIKOdTkU8&#038;_nc_zt=23&#038;_nc_ht=scontent-fra5-1.cdninstagram.com&#038;edm=AM6HXa8EAAAA&#038;_nc_gid=Y7ZBaq69bxfgXqoNYhmJ9A&#038;oh=00_Af4eaERrbDzSappxZeVd14kJq3WVxapycF0OO5HEKFQ3SQ&#038;oe=69FE551B\"\n\t\t\tdata-img-src-set=\"{&quot;d&quot;:&quot;https:\\\/\\\/scontent-fra5-1.cdninstagram.com\\\/v\\\/t39.30808-6\\\/485151061_1267894318141630_2823317351226371743_n.jpg?stp=dst-jpg_e35_tt6&amp;_nc_cat=100&amp;ccb=7-5&amp;_nc_sid=18de74&amp;efg=eyJlZmdfdGFnIjoiRkVFRC5iZXN0X2ltYWdlX3VybGdlbi5DMyJ9&amp;_nc_ohc=ChAdeF_8BH0Q7kNvwEduIwA&amp;_nc_oc=AdqqXwzOL9Rg8ZvHzr4IKaDrdXh-g1WVPVw9NQIsjXEeFeVeE0ck5Ot1tjSIKOdTkU8&amp;_nc_zt=23&amp;_nc_ht=scontent-fra5-1.cdninstagram.com&amp;edm=AM6HXa8EAAAA&amp;_nc_gid=Y7ZBaq69bxfgXqoNYhmJ9A&amp;oh=00_Af4eaERrbDzSappxZeVd14kJq3WVxapycF0OO5HEKFQ3SQ&amp;oe=69FE551B&quot;,&quot;150&quot;:&quot;https:\\\/\\\/scontent-fra5-1.cdninstagram.com\\\/v\\\/t39.30808-6\\\/485151061_1267894318141630_2823317351226371743_n.jpg?stp=dst-jpg_e35_tt6&amp;_nc_cat=100&amp;ccb=7-5&amp;_nc_sid=18de74&amp;efg=eyJlZmdfdGFnIjoiRkVFRC5iZXN0X2ltYWdlX3VybGdlbi5DMyJ9&amp;_nc_ohc=ChAdeF_8BH0Q7kNvwEduIwA&amp;_nc_oc=AdqqXwzOL9Rg8ZvHzr4IKaDrdXh-g1WVPVw9NQIsjXEeFeVeE0ck5Ot1tjSIKOdTkU8&amp;_nc_zt=23&amp;_nc_ht=scontent-fra5-1.cdninstagram.com&amp;edm=AM6HXa8EAAAA&amp;_nc_gid=Y7ZBaq69bxfgXqoNYhmJ9A&amp;oh=00_Af4eaERrbDzSappxZeVd14kJq3WVxapycF0OO5HEKFQ3SQ&amp;oe=69FE551B&quot;,&quot;320&quot;:&quot;https:\\\/\\\/scontent-fra5-1.cdninstagram.com\\\/v\\\/t39.30808-6\\\/485151061_1267894318141630_2823317351226371743_n.jpg?stp=dst-jpg_e35_tt6&amp;_nc_cat=100&amp;ccb=7-5&amp;_nc_sid=18de74&amp;efg=eyJlZmdfdGFnIjoiRkVFRC5iZXN0X2ltYWdlX3VybGdlbi5DMyJ9&amp;_nc_ohc=ChAdeF_8BH0Q7kNvwEduIwA&amp;_nc_oc=AdqqXwzOL9Rg8ZvHzr4IKaDrdXh-g1WVPVw9NQIsjXEeFeVeE0ck5Ot1tjSIKOdTkU8&amp;_nc_zt=23&amp;_nc_ht=scontent-fra5-1.cdninstagram.com&amp;edm=AM6HXa8EAAAA&amp;_nc_gid=Y7ZBaq69bxfgXqoNYhmJ9A&amp;oh=00_Af4eaERrbDzSappxZeVd14kJq3WVxapycF0OO5HEKFQ3SQ&amp;oe=69FE551B&quot;,&quot;640&quot;:&quot;https:\\\/\\\/scontent-fra5-1.cdninstagram.com\\\/v\\\/t39.30808-6\\\/485151061_1267894318141630_2823317351226371743_n.jpg?stp=dst-jpg_e35_tt6&amp;_nc_cat=100&amp;ccb=7-5&amp;_nc_sid=18de74&amp;efg=eyJlZmdfdGFnIjoiRkVFRC5iZXN0X2ltYWdlX3VybGdlbi5DMyJ9&amp;_nc_ohc=ChAdeF_8BH0Q7kNvwEduIwA&amp;_nc_oc=AdqqXwzOL9Rg8ZvHzr4IKaDrdXh-g1WVPVw9NQIsjXEeFeVeE0ck5Ot1tjSIKOdTkU8&amp;_nc_zt=23&amp;_nc_ht=scontent-fra5-1.cdninstagram.com&amp;edm=AM6HXa8EAAAA&amp;_nc_gid=Y7ZBaq69bxfgXqoNYhmJ9A&amp;oh=00_Af4eaERrbDzSappxZeVd14kJq3WVxapycF0OO5HEKFQ3SQ&amp;oe=69FE551B&quot;}\">\n\t\t\t<span class=\"sbi-screenreader\">F\u00fcr alle Foodies da drau\u00dfen: Entdecke die Geschmac<\/span>\n\t\t\t\t\t\t\t\t\t<img decoding=\"async\" src=\"https:\/\/www.colombohoppers.com\/wp-content\/plugins\/instagram-feed\/img\/placeholder.png\" alt=\"F\u00fcr alle Foodies da drau\u00dfen: Entdecke die Geschmacksvielfalt bei Colombo Hoppers und lass dich von unseren Gerichten verzaubern. Ein wahres Fest f\u00fcr den Gaumen! \ud83c\udf74\ud83d\ude0b \n#ColomboHoppers #Gastgarten #FoodieLove #Geschmackserlebnis #FoodLovers\" aria-hidden=\"true\">\n\t\t<\/a>\n\t<\/div>\n<\/div><div class=\"sbi_item sbi_type_image sbi_new sbi_transition\"\n\tid=\"sbi_17968178690586760\" data-date=\"1690457924\">\n\t<div class=\"sbi_photo_wrap\">\n\t\t<a class=\"sbi_photo\" href=\"https:\/\/www.instagram.com\/p\/CvMw2QGhXUO\/\" target=\"_blank\" rel=\"noopener nofollow\"\n\t\t\tdata-full-res=\"https:\/\/scontent-fra3-1.cdninstagram.com\/v\/t39.30808-6\/486150752_1267894008141661_1689283284063008038_n.jpg?stp=dst-jpg_e35_tt6&#038;_nc_cat=105&#038;ccb=7-5&#038;_nc_sid=18de74&#038;efg=eyJlZmdfdGFnIjoiRkVFRC5iZXN0X2ltYWdlX3VybGdlbi5DMyJ9&#038;_nc_ohc=F3RnbXLQvq4Q7kNvwHQCY18&#038;_nc_oc=AdpmjTIaVQa56XsbcIVXY2RH-CSqxZviZNxl2rbl3JogPUH5nb4G8AEQlNZwgQtIhUM&#038;_nc_zt=23&#038;_nc_ht=scontent-fra3-1.cdninstagram.com&#038;edm=AM6HXa8EAAAA&#038;_nc_gid=Y7ZBaq69bxfgXqoNYhmJ9A&#038;oh=00_Af4ft_Kwn09Tg_6LJjmK7p_sBJnIz0G3GlWKV7Xmb05mbw&#038;oe=69FE42B5\"\n\t\t\tdata-img-src-set=\"{&quot;d&quot;:&quot;https:\\\/\\\/scontent-fra3-1.cdninstagram.com\\\/v\\\/t39.30808-6\\\/486150752_1267894008141661_1689283284063008038_n.jpg?stp=dst-jpg_e35_tt6&amp;_nc_cat=105&amp;ccb=7-5&amp;_nc_sid=18de74&amp;efg=eyJlZmdfdGFnIjoiRkVFRC5iZXN0X2ltYWdlX3VybGdlbi5DMyJ9&amp;_nc_ohc=F3RnbXLQvq4Q7kNvwHQCY18&amp;_nc_oc=AdpmjTIaVQa56XsbcIVXY2RH-CSqxZviZNxl2rbl3JogPUH5nb4G8AEQlNZwgQtIhUM&amp;_nc_zt=23&amp;_nc_ht=scontent-fra3-1.cdninstagram.com&amp;edm=AM6HXa8EAAAA&amp;_nc_gid=Y7ZBaq69bxfgXqoNYhmJ9A&amp;oh=00_Af4ft_Kwn09Tg_6LJjmK7p_sBJnIz0G3GlWKV7Xmb05mbw&amp;oe=69FE42B5&quot;,&quot;150&quot;:&quot;https:\\\/\\\/scontent-fra3-1.cdninstagram.com\\\/v\\\/t39.30808-6\\\/486150752_1267894008141661_1689283284063008038_n.jpg?stp=dst-jpg_e35_tt6&amp;_nc_cat=105&amp;ccb=7-5&amp;_nc_sid=18de74&amp;efg=eyJlZmdfdGFnIjoiRkVFRC5iZXN0X2ltYWdlX3VybGdlbi5DMyJ9&amp;_nc_ohc=F3RnbXLQvq4Q7kNvwHQCY18&amp;_nc_oc=AdpmjTIaVQa56XsbcIVXY2RH-CSqxZviZNxl2rbl3JogPUH5nb4G8AEQlNZwgQtIhUM&amp;_nc_zt=23&amp;_nc_ht=scontent-fra3-1.cdninstagram.com&amp;edm=AM6HXa8EAAAA&amp;_nc_gid=Y7ZBaq69bxfgXqoNYhmJ9A&amp;oh=00_Af4ft_Kwn09Tg_6LJjmK7p_sBJnIz0G3GlWKV7Xmb05mbw&amp;oe=69FE42B5&quot;,&quot;320&quot;:&quot;https:\\\/\\\/scontent-fra3-1.cdninstagram.com\\\/v\\\/t39.30808-6\\\/486150752_1267894008141661_1689283284063008038_n.jpg?stp=dst-jpg_e35_tt6&amp;_nc_cat=105&amp;ccb=7-5&amp;_nc_sid=18de74&amp;efg=eyJlZmdfdGFnIjoiRkVFRC5iZXN0X2ltYWdlX3VybGdlbi5DMyJ9&amp;_nc_ohc=F3RnbXLQvq4Q7kNvwHQCY18&amp;_nc_oc=AdpmjTIaVQa56XsbcIVXY2RH-CSqxZviZNxl2rbl3JogPUH5nb4G8AEQlNZwgQtIhUM&amp;_nc_zt=23&amp;_nc_ht=scontent-fra3-1.cdninstagram.com&amp;edm=AM6HXa8EAAAA&amp;_nc_gid=Y7ZBaq69bxfgXqoNYhmJ9A&amp;oh=00_Af4ft_Kwn09Tg_6LJjmK7p_sBJnIz0G3GlWKV7Xmb05mbw&amp;oe=69FE42B5&quot;,&quot;640&quot;:&quot;https:\\\/\\\/scontent-fra3-1.cdninstagram.com\\\/v\\\/t39.30808-6\\\/486150752_1267894008141661_1689283284063008038_n.jpg?stp=dst-jpg_e35_tt6&amp;_nc_cat=105&amp;ccb=7-5&amp;_nc_sid=18de74&amp;efg=eyJlZmdfdGFnIjoiRkVFRC5iZXN0X2ltYWdlX3VybGdlbi5DMyJ9&amp;_nc_ohc=F3RnbXLQvq4Q7kNvwHQCY18&amp;_nc_oc=AdpmjTIaVQa56XsbcIVXY2RH-CSqxZviZNxl2rbl3JogPUH5nb4G8AEQlNZwgQtIhUM&amp;_nc_zt=23&amp;_nc_ht=scontent-fra3-1.cdninstagram.com&amp;edm=AM6HXa8EAAAA&amp;_nc_gid=Y7ZBaq69bxfgXqoNYhmJ9A&amp;oh=00_Af4ft_Kwn09Tg_6LJjmK7p_sBJnIz0G3GlWKV7Xmb05mbw&amp;oe=69FE42B5&quot;}\">\n\t\t\t<span class=\"sbi-screenreader\">Stringhoppers, die k\u00f6stlichen Reisnudeln, sind nur<\/span>\n\t\t\t\t\t\t\t\t\t<img decoding=\"async\" src=\"https:\/\/www.colombohoppers.com\/wp-content\/plugins\/instagram-feed\/img\/placeholder.png\" alt=\"Stringhoppers, die k\u00f6stlichen Reisnudeln, sind nur einen Bissen entfernt. Komm in den Colombo Hoppers Gastgarten und tauche ein in die sri-lankische Kulinarik! \ud83c\udf7d\ufe0f\ud83c\udf3f\n #ColomboHoppers #Gastgarten #SriLankanischeK\u00fcche #KulinarischeReise #Stringhoppers\" aria-hidden=\"true\">\n\t\t<\/a>\n\t<\/div>\n<\/div><div class=\"sbi_item sbi_type_image sbi_new sbi_transition\"\n\tid=\"sbi_18011676793696493\" data-date=\"1689853107\">\n\t<div class=\"sbi_photo_wrap\">\n\t\t<a class=\"sbi_photo\" href=\"https:\/\/www.instagram.com\/p\/Cu6vQHJPy-f\/\" target=\"_blank\" rel=\"noopener nofollow\"\n\t\t\tdata-full-res=\"https:\/\/scontent-fra3-1.cdninstagram.com\/v\/t39.30808-6\/486057743_1267894241474971_3078822301584478734_n.jpg?stp=dst-jpg_e35_tt6&#038;_nc_cat=103&#038;ccb=7-5&#038;_nc_sid=18de74&#038;efg=eyJlZmdfdGFnIjoiRkVFRC5iZXN0X2ltYWdlX3VybGdlbi5DMyJ9&#038;_nc_ohc=NHaW-mpoj0AQ7kNvwEUxgTx&#038;_nc_oc=Adr0YigSl0SJYeAvCYhGLuf4dCPeutJPkSqAMrThfnVr8LFdvTwJRPb_NmJ6mZ0DlTU&#038;_nc_zt=23&#038;_nc_ht=scontent-fra3-1.cdninstagram.com&#038;edm=AM6HXa8EAAAA&#038;_nc_gid=Y7ZBaq69bxfgXqoNYhmJ9A&#038;oh=00_Af4D8tDg5YoRBB8pcnurWrHW9vahWLRYPGmc1azoC7vAew&#038;oe=69FE551B\"\n\t\t\tdata-img-src-set=\"{&quot;d&quot;:&quot;https:\\\/\\\/scontent-fra3-1.cdninstagram.com\\\/v\\\/t39.30808-6\\\/486057743_1267894241474971_3078822301584478734_n.jpg?stp=dst-jpg_e35_tt6&amp;_nc_cat=103&amp;ccb=7-5&amp;_nc_sid=18de74&amp;efg=eyJlZmdfdGFnIjoiRkVFRC5iZXN0X2ltYWdlX3VybGdlbi5DMyJ9&amp;_nc_ohc=NHaW-mpoj0AQ7kNvwEUxgTx&amp;_nc_oc=Adr0YigSl0SJYeAvCYhGLuf4dCPeutJPkSqAMrThfnVr8LFdvTwJRPb_NmJ6mZ0DlTU&amp;_nc_zt=23&amp;_nc_ht=scontent-fra3-1.cdninstagram.com&amp;edm=AM6HXa8EAAAA&amp;_nc_gid=Y7ZBaq69bxfgXqoNYhmJ9A&amp;oh=00_Af4D8tDg5YoRBB8pcnurWrHW9vahWLRYPGmc1azoC7vAew&amp;oe=69FE551B&quot;,&quot;150&quot;:&quot;https:\\\/\\\/scontent-fra3-1.cdninstagram.com\\\/v\\\/t39.30808-6\\\/486057743_1267894241474971_3078822301584478734_n.jpg?stp=dst-jpg_e35_tt6&amp;_nc_cat=103&amp;ccb=7-5&amp;_nc_sid=18de74&amp;efg=eyJlZmdfdGFnIjoiRkVFRC5iZXN0X2ltYWdlX3VybGdlbi5DMyJ9&amp;_nc_ohc=NHaW-mpoj0AQ7kNvwEUxgTx&amp;_nc_oc=Adr0YigSl0SJYeAvCYhGLuf4dCPeutJPkSqAMrThfnVr8LFdvTwJRPb_NmJ6mZ0DlTU&amp;_nc_zt=23&amp;_nc_ht=scontent-fra3-1.cdninstagram.com&amp;edm=AM6HXa8EAAAA&amp;_nc_gid=Y7ZBaq69bxfgXqoNYhmJ9A&amp;oh=00_Af4D8tDg5YoRBB8pcnurWrHW9vahWLRYPGmc1azoC7vAew&amp;oe=69FE551B&quot;,&quot;320&quot;:&quot;https:\\\/\\\/scontent-fra3-1.cdninstagram.com\\\/v\\\/t39.30808-6\\\/486057743_1267894241474971_3078822301584478734_n.jpg?stp=dst-jpg_e35_tt6&amp;_nc_cat=103&amp;ccb=7-5&amp;_nc_sid=18de74&amp;efg=eyJlZmdfdGFnIjoiRkVFRC5iZXN0X2ltYWdlX3VybGdlbi5DMyJ9&amp;_nc_ohc=NHaW-mpoj0AQ7kNvwEUxgTx&amp;_nc_oc=Adr0YigSl0SJYeAvCYhGLuf4dCPeutJPkSqAMrThfnVr8LFdvTwJRPb_NmJ6mZ0DlTU&amp;_nc_zt=23&amp;_nc_ht=scontent-fra3-1.cdninstagram.com&amp;edm=AM6HXa8EAAAA&amp;_nc_gid=Y7ZBaq69bxfgXqoNYhmJ9A&amp;oh=00_Af4D8tDg5YoRBB8pcnurWrHW9vahWLRYPGmc1azoC7vAew&amp;oe=69FE551B&quot;,&quot;640&quot;:&quot;https:\\\/\\\/scontent-fra3-1.cdninstagram.com\\\/v\\\/t39.30808-6\\\/486057743_1267894241474971_3078822301584478734_n.jpg?stp=dst-jpg_e35_tt6&amp;_nc_cat=103&amp;ccb=7-5&amp;_nc_sid=18de74&amp;efg=eyJlZmdfdGFnIjoiRkVFRC5iZXN0X2ltYWdlX3VybGdlbi5DMyJ9&amp;_nc_ohc=NHaW-mpoj0AQ7kNvwEUxgTx&amp;_nc_oc=Adr0YigSl0SJYeAvCYhGLuf4dCPeutJPkSqAMrThfnVr8LFdvTwJRPb_NmJ6mZ0DlTU&amp;_nc_zt=23&amp;_nc_ht=scontent-fra3-1.cdninstagram.com&amp;edm=AM6HXa8EAAAA&amp;_nc_gid=Y7ZBaq69bxfgXqoNYhmJ9A&amp;oh=00_Af4D8tDg5YoRBB8pcnurWrHW9vahWLRYPGmc1azoC7vAew&amp;oe=69FE551B&quot;}\">\n\t\t\t<span class=\"sbi-screenreader\">Sto\u00dfe mit einem erfrischenden Aperol Spritz auf de<\/span>\n\t\t\t\t\t\t\t\t\t<img decoding=\"async\" src=\"https:\/\/www.colombohoppers.com\/wp-content\/plugins\/instagram-feed\/img\/placeholder.png\" alt=\"Sto\u00dfe mit einem erfrischenden Aperol Spritz auf den atemberaubenden Sonnenuntergang im Colombo Hoppers Gastgarten an. Genie\u00dfe den Sommer in vollen Z\u00fcgen! \ud83c\udf07\ud83e\udd42 \n#ColomboHoppers #Gastgarten #SunsetViews #CheersToSummer #AperolSpritz\" aria-hidden=\"true\">\n\t\t<\/a>\n\t<\/div>\n<\/div>\t<\/div>\n\n\t<div id=\"sbi_load\" >\n\n\t\n\t\n<\/div>\n\t\t<span class=\"sbi_resized_image_data\" data-feed-id=\"*1\"\n\t\t  data-resized=\"{&quot;18011676793696493&quot;:{&quot;id&quot;:&quot;347253472_1643318936169672_8322606755898519191_n&quot;,&quot;ratio&quot;:&quot;1.00&quot;,&quot;sizes&quot;:{&quot;full&quot;:640,&quot;low&quot;:320,&quot;thumb&quot;:150},&quot;extension&quot;:&quot;.jpg&quot;},&quot;17968178690586760&quot;:{&quot;id&quot;:&quot;351458558_6430665783691041_6640191650104353812_n&quot;,&quot;ratio&quot;:&quot;1.00&quot;,&quot;sizes&quot;:{&quot;full&quot;:640,&quot;low&quot;:320,&quot;thumb&quot;:150},&quot;extension&quot;:&quot;.jpg&quot;},&quot;17932110698708773&quot;:{&quot;id&quot;:&quot;351115789_279138694682680_1104373313553825167_n&quot;,&quot;ratio&quot;:&quot;1.00&quot;,&quot;sizes&quot;:{&quot;full&quot;:640,&quot;low&quot;:320,&quot;thumb&quot;:150},&quot;extension&quot;:&quot;.jpg&quot;},&quot;18293720344132323&quot;:{&quot;id&quot;:&quot;382698466_884174209846978_7715559124857875984_n&quot;,&quot;ratio&quot;:&quot;1.00&quot;,&quot;sizes&quot;:{&quot;full&quot;:640,&quot;low&quot;:320,&quot;thumb&quot;:150},&quot;extension&quot;:&quot;.jpg&quot;},&quot;17948870552912967&quot;:{&quot;id&quot;:&quot;562571166_1523757445292330_5419066859220539040_n&quot;,&quot;ratio&quot;:&quot;0.56&quot;,&quot;sizes&quot;:{&quot;full&quot;:640,&quot;low&quot;:320,&quot;thumb&quot;:150},&quot;extension&quot;:&quot;.webp&quot;}}\">\n\t<\/span>\n\t<\/div>\n\n<\/div><\/div><\/div>\n","protected":false},"excerpt":{"rendered":"","protected":false},"author":2,"featured_media":0,"parent":0,"menu_order":0,"comment_status":"closed","ping_status":"closed","template":"","meta":{"footnotes":""},"class_list":["post-5758","page","type-page","status-publish","hentry"],"_links":{"self":[{"href":"https:\/\/www.colombohoppers.com\/en\/wp-json\/wp\/v2\/pages\/5758","targetHints":{"allow":["GET"]}}],"collection":[{"href":"https:\/\/www.colombohoppers.com\/en\/wp-json\/wp\/v2\/pages"}],"about":[{"href":"https:\/\/www.colombohoppers.com\/en\/wp-json\/wp\/v2\/types\/page"}],"author":[{"embeddable":true,"href":"https:\/\/www.colombohoppers.com\/en\/wp-json\/wp\/v2\/users\/2"}],"replies":[{"embeddable":true,"href":"https:\/\/www.colombohoppers.com\/en\/wp-json\/wp\/v2\/comments?post=5758"}],"version-history":[{"count":1,"href":"https:\/\/www.colombohoppers.com\/en\/wp-json\/wp\/v2\/pages\/5758\/revisions"}],"predecessor-version":[{"id":6401,"href":"https:\/\/www.colombohoppers.com\/en\/wp-json\/wp\/v2\/pages\/5758\/revisions\/6401"}],"wp:attachment":[{"href":"https:\/\/www.colombohoppers.com\/en\/wp-json\/wp\/v2\/media?parent=5758"}],"curies":[{"name":"wp","href":"https:\/\/api.w.org\/{rel}","templated":true}]}}