{"id":3341,"date":"2020-09-22T23:16:16","date_gmt":"2020-09-22T21:16:16","guid":{"rendered":"https:\/\/www.colombohoppers.com\/locally\/"},"modified":"2026-03-10T16:12:32","modified_gmt":"2026-03-10T15:12:32","slug":"locally","status":"publish","type":"page","link":"https:\/\/www.colombohoppers.com\/en\/locally\/","title":{"rendered":"Restaurant"},"content":{"rendered":"\n<div class=\"et_pb_section_0 et_pb_section et_section_specialty et_pb_equal_columns et_pb_gutters1 et_block_section\"><div class=\"et_pb_row et_block_row\"><div class=\"et_pb_column_0 et_pb_column et_pb_column_single et_pb_column_1_3 et_block_column et_pb_css_mix_blend_mode_passthrough\"><div class=\"et_pb_divider_0 et_pb_divider_hidden et_pb_space et_pb_divider_position_top et_pb_module\"><div class=\"et_pb_divider_internal\"><\/div><\/div><\/div><div class=\"et_pb_column_1 et_pb_column et_pb_specialty_column et_pb_column_2_3 et-last-child et_block_column et_pb_css_mix_blend_mode_passthrough\"><div class=\"et_pb_row_inner_0 et_pb_row_inner et_block_row\"><div class=\"et_pb_column_inner_0 et_pb_column_inner et_pb_column et_pb_column_4_4 et-last-child et_block_column et_pb_css_mix_blend_mode_passthrough\"><div class=\"et_pb_text_0 et_pb_text et_pb_bg_layout_light et_pb_module et_block_module preset--module--divi-text--default\"><div class=\"et_pb_text_inner\"><p class=\"overline\">Colombo Hoppers<\/p>\n<h1>The restaurant in Vienna<\/h1>\n<p>The Colombo Hoppers has been located on Sch\u00f6nbrunner Stra\u00dfe for over 30 years. We are very proud of our restaurant, which has evolved over the years.  <\/p>\n<\/div><\/div><\/div><\/div><div class=\"et_pb_row_inner_1 et_pb_row_inner et_pb_row_4col et_pb_equal_columns et_pb_gutters1 et_block_row\"><div class=\"et_pb_column_inner_1 et_pb_column_inner et_pb_column et_pb_column_1_6 et_block_column et_pb_css_mix_blend_mode_passthrough et_clickable\"><div class=\"et_pb_module et_pb_button_module_wrapper et_pb_button_0_wrapper preset--module--divi-button--default_wrapper\"><a class=\"et_pb_button_0 et_pb_button et_pb_bg_layout_dark et_pb_module et_block_module preset--module--divi-button--default\" href=\"https:\/\/www.colombohoppers.com\/reservierung\/\">Book a table<\/a><\/div><\/div><div class=\"et_pb_column_inner_2 et_pb_column_inner et_pb_column et_pb_column_1_6 et_block_column et_pb_css_mix_blend_mode_passthrough et_clickable\"><div class=\"et_pb_module et_pb_button_module_wrapper et_pb_button_1_wrapper preset--module--divi-button--default_wrapper\"><a class=\"et_pb_button_1 et_pb_button et_pb_bg_layout_dark et_pb_module et_block_module preset--module--divi-button--default\" href=\"https:\/\/www.colombohoppers.com\/en\/locally\/#restaurant\">Restaurant<\/a><\/div><\/div><div class=\"et_pb_column_inner_3 et_pb_column_inner et_pb_column et_pb_column_1_6 et_block_column et_pb_css_mix_blend_mode_passthrough et_clickable\"><div class=\"et_pb_module et_pb_button_module_wrapper et_pb_button_2_wrapper preset--module--divi-button--default_wrapper\"><a class=\"et_pb_button_2 et_pb_button et_pb_bg_layout_dark et_pb_module et_block_module preset--module--divi-button--default\" href=\"https:\/\/www.colombohoppers.com\/en\/locally\/#gastgarten\">Garden<\/a><\/div><\/div><div class=\"et_pb_column_inner_4 et_pb_column_inner et_pb_column et_pb_column_1_6 et-last-child et_block_column et_pb_css_mix_blend_mode_passthrough et_clickable\"><div class=\"et_pb_module et_pb_button_module_wrapper et_pb_button_3_wrapper preset--module--divi-button--default_wrapper\"><a class=\"et_pb_button_3 et_pb_button et_pb_bg_layout_dark et_pb_module et_block_module preset--module--divi-button--default\" href=\"https:\/\/www.colombohoppers.com\/en\/locally\/#bar\">Bar<\/a><\/div><\/div><\/div><\/div><\/div><\/div><div class=\"et_pb_section_1 et_pb_section et_section_regular et_block_section\"><div class=\"et_pb_row_0 et_pb_row et_block_row\" id=\"restaurant\"><div class=\"et_pb_column_2 et_pb_column et_pb_column_1_2 et_block_column et_pb_css_mix_blend_mode_passthrough\"><div class=\"et_pb_text_1 et_pb_text et_pb_bg_layout_light et_pb_module et_block_module preset--module--divi-text--default\"><div class=\"et_pb_text_inner\"><p class=\"overline\">Our heart<\/p>\n<p><span style=\"color: #505257; font-family: Aleo, Georgia, 'Times New Roman', serif; font-size: 45px; font-weight: 500;\">The restaurant<\/span><\/p>\n<p>In the restaurant area you will find space for your cozy lunch (only on Sundays) or dinner. Sit back and enjoy your time in our restaurant. Our service staff will try to read all your wishes from your lips.  <\/p>\n<\/div><\/div><\/div><div class=\"et_pb_column_3 et_pb_column et_pb_column_1_2 et-last-child et_block_column et_pb_css_mix_blend_mode_passthrough\"><div class=\"et_pb_image_0 et_pb_image et_pb_module et_block_module\"><span class=\"et_pb_image_wrap\"><img loading=\"lazy\" decoding=\"async\" src=\"https:\/\/www.colombohoppers.com\/wp-content\/uploads\/colombohoppers-restaurant-1.jpeg\" width=\"1000\" height=\"667\" srcset=\"https:\/\/www.colombohoppers.com\/wp-content\/uploads\/colombohoppers-restaurant-1.jpeg 1000w, https:\/\/www.colombohoppers.com\/wp-content\/uploads\/colombohoppers-restaurant-1-980x654.jpeg 980w, https:\/\/www.colombohoppers.com\/wp-content\/uploads\/colombohoppers-restaurant-1-480x320.jpeg 480w\" sizes=\"(min-width: 0px) and (max-width: 480px) 480px, (min-width: 481px) and (max-width: 980px) 980px, (min-width: 981px) 1000px, 100vw\" class=\"wp-image-5019\" title=\"colombohoppers-restaurant-1\" alt=\"The restaurant\" \/><\/span><\/div><\/div><\/div><\/div><div class=\"et_pb_section_2 et_pb_section et_section_regular et_block_section\"><div class=\"et_pb_row_1 et_pb_row et_block_row\"><div class=\"et_pb_column_4 et_pb_column et_pb_column_4_4 et-last-child et_block_column et_pb_css_mix_blend_mode_passthrough\"><div class=\"et_pb_text_2 et_pb_text et_pb_bg_layout_light et_pb_module et_block_module et_pb_text_align_center preset--module--divi-text--default\"><div class=\"et_pb_text_inner\"><h2>Verschaffen Sie sich \u00dcberblick<\/h2>\n<p>Machen Sie einen virtuellen Rundgang durch unser Lokal.<\/p>\n<\/div><\/div><\/div><\/div><div class=\"et_pb_row_2 et_pb_row et_block_row inline-buttons\"><div class=\"et_pb_column_5 et_pb_column et_pb_column_4_4 et-last-child et_block_column et_pb_css_mix_blend_mode_passthrough\"><div class=\"et_pb_module et_pb_button_module_wrapper et_pb_button_4_wrapper preset--module--divi-button--1e075e18-04d9-49e7-acc0-217b5d3d7f3f_wrapper\"><a class=\"et_pb_button_4 et_pb_button et_pb_bg_layout_dark et_pb_module et_block_module inline-buttons preset--module--divi-button--1e075e18-04d9-49e7-acc0-217b5d3d7f3f\" href=\"https:\/\/maps.app.goo.gl\/sM9eK2CCs62hzGMa8\">Zur 360\u00b0 Tour<\/a><\/div><\/div><\/div><\/div><div class=\"et_pb_section_3 et_pb_section et_section_regular et_block_section\"><div class=\"et_pb_row_3 et_pb_row et_block_row\" id=\"gastgarten\"><div class=\"et_pb_column_6 et_pb_column et_pb_column_1_2 et_block_column et_pb_css_mix_blend_mode_passthrough\"><div class=\"et_pb_image_1 et_pb_image et_pb_module et_block_module\"><span class=\"et_pb_image_wrap\"><img loading=\"lazy\" decoding=\"async\" src=\"https:\/\/www.colombohoppers.com\/wp-content\/uploads\/colombohoppers-gastgarten-9.jpeg\" width=\"1000\" height=\"667\" srcset=\"https:\/\/www.colombohoppers.com\/wp-content\/uploads\/colombohoppers-gastgarten-9.jpeg 1000w, https:\/\/www.colombohoppers.com\/wp-content\/uploads\/colombohoppers-gastgarten-9-980x654.jpeg 980w, https:\/\/www.colombohoppers.com\/wp-content\/uploads\/colombohoppers-gastgarten-9-480x320.jpeg 480w\" sizes=\"(min-width: 0px) and (max-width: 480px) 480px, (min-width: 481px) and (max-width: 980px) 980px, (min-width: 981px) 1000px, 100vw\" class=\"wp-image-5036\" title=\"colombohoppers-gastgarten-9\" alt=\"The guest garden\" \/><\/span><\/div><\/div><div class=\"et_pb_column_7 et_pb_column et_pb_column_1_2 et-last-child et_block_column et_pb_css_mix_blend_mode_passthrough\"><div class=\"et_pb_text_3 et_pb_text et_pb_bg_layout_light et_pb_module et_block_module preset--module--divi-text--default\"><div class=\"et_pb_text_inner\"><p class=\"overline\">Staying in the green<\/p>\n<h2>The guest garden<\/h2>\n<p>Our large garden is located at the back, off the road by the Vienna River. In a quiet, cozy atmosphere, you can enjoy balmy summer nights in the shade of the trees.<\/p>\n<\/div><\/div><div class=\"et_pb_module et_pb_button_module_wrapper et_pb_button_5_wrapper preset--module--divi-button--b7d21e98-df5a-4364-b222-99adfc174e8e_wrapper\"><a class=\"et_pb_button_5 et_pb_button et_pb_bg_layout_dark et_pb_module et_block_module preset--module--divi-button--b7d21e98-df5a-4364-b222-99adfc174e8e\" href=\"https:\/\/www.colombohoppers.com\/gastgarten\/\">Find out more<\/a><\/div><\/div><\/div><\/div><div class=\"et_pb_section_4 et_pb_section et_section_regular et_block_section\"><div class=\"et_pb_row_4 et_pb_row et_block_row\" id=\"bar\"><div class=\"et_pb_column_8 et_pb_column et_pb_column_1_2 et_block_column et_pb_css_mix_blend_mode_passthrough\"><div class=\"et_pb_text_4 et_pb_text et_pb_bg_layout_light et_pb_module et_block_module preset--module--divi-text--default\"><div class=\"et_pb_text_inner\"><p class=\"overline\">Enjoy cool drinks<\/p>\n<h2>The Bar<\/h2>\n<p>Directly connected to the restaurant you will find our bar. In addition to the well-known cocktail classics, we ensure your well-being with exciting beverage creations.<\/p>\n<p>The bar is also the ideal place for your next celebration. The technical equipment is available - you don't have to worry about anything.<\/p>\n<\/div><\/div><div class=\"et_pb_module et_pb_button_module_wrapper et_pb_button_6_wrapper preset--module--divi-button--b7d21e98-df5a-4364-b222-99adfc174e8e_wrapper\"><a class=\"et_pb_button_6 et_pb_button et_pb_bg_layout_dark et_pb_module et_block_module preset--module--divi-button--b7d21e98-df5a-4364-b222-99adfc174e8e\" href=\"https:\/\/www.colombohoppers.com\/en\/location-rent\/\">Local rent<\/a><\/div><\/div><div class=\"et_pb_column_9 et_pb_column et_pb_column_1_2 et-last-child et_block_column et_pb_css_mix_blend_mode_passthrough\"><div class=\"et_pb_image_2 et_pb_image et_pb_module et_block_module\"><span class=\"et_pb_image_wrap\"><img loading=\"lazy\" decoding=\"async\" src=\"https:\/\/www.colombohoppers.com\/wp-content\/uploads\/ColomboHoppers-bar-1.jpg\" width=\"1000\" height=\"666\" srcset=\"https:\/\/www.colombohoppers.com\/wp-content\/uploads\/ColomboHoppers-bar-1.jpg 1000w, https:\/\/www.colombohoppers.com\/wp-content\/uploads\/ColomboHoppers-bar-1-980x653.jpg 980w, https:\/\/www.colombohoppers.com\/wp-content\/uploads\/ColomboHoppers-bar-1-480x320.jpg 480w\" sizes=\"(min-width: 0px) and (max-width: 480px) 480px, (min-width: 481px) and (max-width: 980px) 980px, (min-width: 981px) 1000px, 100vw\" class=\"wp-image-2657\" title=\"ColomboHoppers-bar-1\" alt=\"The Bar\" \/><\/span><\/div><\/div><\/div><\/div><div class=\"et_pb_section_5 et_pb_section et_section_regular et_block_section\"><div class=\"et_pb_row_5 et_pb_row et_block_row\"><div class=\"et_pb_column_10 et_pb_column et_pb_column_4_4 et-last-child et_block_column et_pb_css_mix_blend_mode_passthrough\"><div class=\"et_pb_text_5 et_pb_text et_pb_bg_layout_light et_pb_module et_block_module et_pb_text_align_center preset--module--divi-text--default\"><div class=\"et_pb_text_inner\"><h2>So wird Ihre n\u00e4chste Feier perfekt<\/h2>\n<p>Sie sind auf der Suche nach einer passenden Partylocation und\/oder einem besonderem Catering f\u00fcr Ihre Feier? Ob Ihr Geburtstag oder die Firmenweihnachtsfeier - mit Ihnen gemeinsam finden wir eine individuelle L\u00f6sung f\u00fcr ein gelungenes Fest.\u00a0<\/p>\n<\/div><\/div><\/div><\/div><div class=\"et_pb_row_6 et_pb_row et_block_row inline-buttons\"><div class=\"et_pb_column_11 et_pb_column et_pb_column_4_4 et-last-child et_block_column et_pb_css_mix_blend_mode_passthrough\"><div class=\"et_pb_module et_pb_button_module_wrapper et_pb_button_7_wrapper preset--module--divi-button--1e075e18-04d9-49e7-acc0-217b5d3d7f3f_wrapper\"><a class=\"et_pb_button_7 et_pb_button et_pb_bg_layout_dark et_pb_module et_block_module inline^ preset--module--divi-button--1e075e18-04d9-49e7-acc0-217b5d3d7f3f\" href=\"\/lokal-mieten\">Unser Lokal mieten<\/a><\/div><div class=\"et_pb_module et_pb_button_module_wrapper et_pb_button_8_wrapper preset--module--divi-button--1e075e18-04d9-49e7-acc0-217b5d3d7f3f_wrapper\"><a class=\"et_pb_button_8 et_pb_button et_pb_bg_layout_dark et_pb_module et_block_module inline-buttons preset--module--divi-button--1e075e18-04d9-49e7-acc0-217b5d3d7f3f\" href=\"\/catering\">Mehr zum Catering<\/a><\/div><\/div><\/div><\/div><div class=\"et_pb_section_6 et_pb_section et_section_regular et_block_section\"><\/div><div class=\"et_pb_section_7 et_pb_section et_section_regular et_block_section\"><div class=\"et_pb_row_8 et_pb_row et_block_row\"><div class=\"et_pb_column_13 et_pb_column et_pb_column_4_4 et-last-child et_block_column et_pb_css_mix_blend_mode_passthrough\"><div class=\"et_pb_text_6 et_pb_text et_pb_bg_layout_light et_pb_module et_block_module preset--module--divi-text--default\"><div class=\"et_pb_text_inner\"><h2>Directions<\/h2>\n<\/div><\/div><\/div><\/div><div class=\"et_pb_row_9 et_pb_row et_pb_equal_columns et_block_row\"><div class=\"et_pb_column_14 et_pb_column et_pb_column_1_3 et_block_column et_pb_css_mix_blend_mode_passthrough\"><div class=\"et_pb_blurb_0 et_pb_blurb et_pb_bg_layout_light et_pb_text_align_center et_pb_blurb_position_top et_pb_module et_block_module preset--module--divi-blurb--default\"><div class=\"et_pb_blurb_content\"><div class=\"et_pb_main_blurb_image\"><span class=\"et_pb_image_wrap et_pb_only_image_mode_wrap\"><img loading=\"lazy\" decoding=\"async\" src=\"https:\/\/www.colombohoppers.com\/wp-content\/uploads\/2020\/06\/metro.png\" width=\"200\" height=\"200\" srcset=\"https:\/\/www.colombohoppers.com\/wp-content\/uploads\/2020\/06\/metro.png 200w, https:\/\/www.colombohoppers.com\/wp-content\/uploads\/2020\/06\/metro-150x150.png 150w\" sizes=\"(max-width: 200px) 100vw, 200px\" class=\"wp-image-1651\" alt=\"Tram\" \/><\/span><\/div><div class=\"et_pb_blurb_container\"><h4 class=\"et_pb_module_header\">Public<\/h4><div class=\"et_pb_blurb_description\"><p><span>In just a few minutes you are with us from the subway or bus station. <br \/> U4 Pilgramgasse, U4 <br \/> Margaret belt <\/span> <span class=\"readonly plg-desc\">bus 14A <br \/> Reinprechtsdorfer Bridge<\/span> <\/p>\n<\/div><\/div><\/div><\/div><\/div><div class=\"et_pb_column_15 et_pb_column et_pb_column_1_3 et_block_column et_pb_css_mix_blend_mode_passthrough\"><div class=\"et_pb_blurb_1 et_pb_blurb et_pb_bg_layout_light et_pb_text_align_center et_pb_blurb_position_top et_pb_module et_block_module preset--module--divi-blurb--default\"><div class=\"et_pb_blurb_content\"><div class=\"et_pb_main_blurb_image\"><span class=\"et_pb_image_wrap et_pb_only_image_mode_wrap\"><img loading=\"lazy\" decoding=\"async\" src=\"https:\/\/www.colombohoppers.com\/wp-content\/uploads\/2020\/06\/bike.png\" width=\"200\" height=\"200\" srcset=\"https:\/\/www.colombohoppers.com\/wp-content\/uploads\/2020\/06\/bike.png 200w, https:\/\/www.colombohoppers.com\/wp-content\/uploads\/2020\/06\/bike-150x150.png 150w\" sizes=\"(max-width: 200px) 100vw, 200px\" class=\"wp-image-1652\" alt=\"Bike\" \/><\/span><\/div><div class=\"et_pb_blurb_container\"><h4 class=\"et_pb_module_header\">by bike<\/h4><div class=\"et_pb_blurb_description\"><p><span>Our restaurant is located directly on the Wiental cycle path. You can take the entrance through the guest garden.<\/span><\/p>\n<\/div><\/div><\/div><\/div><\/div><div class=\"et_pb_column_16 et_pb_column et_pb_column_1_3 et-last-child et_block_column et_pb_css_mix_blend_mode_passthrough\"><div class=\"et_pb_blurb_2 et_pb_blurb et_pb_bg_layout_light et_pb_text_align_center et_pb_blurb_position_top et_pb_module et_block_module preset--module--divi-blurb--default\"><div class=\"et_pb_blurb_content\"><div class=\"et_pb_main_blurb_image\"><span class=\"et_pb_image_wrap et_pb_only_image_mode_wrap\"><img loading=\"lazy\" decoding=\"async\" src=\"https:\/\/www.colombohoppers.com\/wp-content\/uploads\/2020\/06\/car.png\" width=\"200\" height=\"200\" srcset=\"https:\/\/www.colombohoppers.com\/wp-content\/uploads\/2020\/06\/car.png 200w, https:\/\/www.colombohoppers.com\/wp-content\/uploads\/2020\/06\/car-150x150.png 150w\" sizes=\"(max-width: 200px) 100vw, 200px\" class=\"wp-image-1650\" alt=\"Car\" \/><\/span><\/div><div class=\"et_pb_blurb_container\"><h4 class=\"et_pb_module_header\">by car<\/h4><div class=\"et_pb_blurb_description\"><div id=\"page_content\">\n<div class=\"item-page\" itemscope=\"\" itemtype=\"https:\/\/schema.org\/Article\">\n<div itemprop=\"articleBody\">\n<p><span class=\"readonly plg-desc\">Please note the short-term parking zone throughout the 5th district. In our vicinity, however, you will find various parking garages:  <span><br \/> <\/span><a title=\"Parking garage Am Hundsturm\" href=\"http:\/\/www.apcoa.at\/parken-in\/wien\/hundsturm.html\" target=\"_blank\" rel=\"alternate noopener noreferrer\">Parking garage Am Hundsturm<\/a><br \/> <\/span><\/p>\n<\/div>\n<\/div>\n<\/div>\n<div id=\"spalte\">\n<p>&nbsp;<\/p>\n<\/div>\n<\/div><\/div><\/div><\/div><\/div><\/div><\/div>\n","protected":false},"excerpt":{"rendered":"","protected":false},"author":2,"featured_media":0,"parent":0,"menu_order":0,"comment_status":"closed","ping_status":"closed","template":"","meta":{"footnotes":""},"class_list":["post-3341","page","type-page","status-publish","hentry"],"_links":{"self":[{"href":"https:\/\/www.colombohoppers.com\/en\/wp-json\/wp\/v2\/pages\/3341","targetHints":{"allow":["GET"]}}],"collection":[{"href":"https:\/\/www.colombohoppers.com\/en\/wp-json\/wp\/v2\/pages"}],"about":[{"href":"https:\/\/www.colombohoppers.com\/en\/wp-json\/wp\/v2\/types\/page"}],"author":[{"embeddable":true,"href":"https:\/\/www.colombohoppers.com\/en\/wp-json\/wp\/v2\/users\/2"}],"replies":[{"embeddable":true,"href":"https:\/\/www.colombohoppers.com\/en\/wp-json\/wp\/v2\/comments?post=3341"}],"version-history":[{"count":1,"href":"https:\/\/www.colombohoppers.com\/en\/wp-json\/wp\/v2\/pages\/3341\/revisions"}],"predecessor-version":[{"id":6394,"href":"https:\/\/www.colombohoppers.com\/en\/wp-json\/wp\/v2\/pages\/3341\/revisions\/6394"}],"wp:attachment":[{"href":"https:\/\/www.colombohoppers.com\/en\/wp-json\/wp\/v2\/media?parent=3341"}],"curies":[{"name":"wp","href":"https:\/\/api.w.org\/{rel}","templated":true}]}}